{"id":250,"date":"2021-10-19T13:09:14","date_gmt":"2021-10-19T13:09:14","guid":{"rendered":"http:\/\/ivl.mrdigital.com.br\/wp\/?page_id=250"},"modified":"2021-10-19T15:34:13","modified_gmt":"2021-10-19T15:34:13","slug":"solicitacao-de-orcamento","status":"publish","type":"page","link":"http:\/\/ivl.mrdigital.com.br\/wp\/?page_id=250","title":{"rendered":"Solicita\u00e7\u00e3o de or\u00e7amento"},"content":{"rendered":"\n<div class=\"wpforms-container wpforms-container-full\" id=\"wpforms-249\"><form id=\"wpforms-form-249\" class=\"wpforms-validate wpforms-form wpforms-ajax-form\" data-formid=\"249\" method=\"post\" enctype=\"multipart\/form-data\" action=\"\/wp\/index.php?rest_route=%2Fwp%2Fv2%2Fpages%2F250\" data-token=\"9bf07dfa7b8d21c82c11cdf7b11d932b\" data-token-time=\"1775308040\"><noscript class=\"wpforms-error-noscript\">Ative o JavaScript no seu navegador para preencher este formul\u00e1rio.<\/noscript><div class=\"wpforms-field-container\"><div id=\"wpforms-249-field_1-container\" class=\"wpforms-field wpforms-field-text wpforms-one-half wpforms-first\" data-field-id=\"1\"><label class=\"wpforms-field-label\" for=\"wpforms-249-field_1\">Empresa  <span class=\"wpforms-required-label\">*<\/span><\/label><input type=\"text\" id=\"wpforms-249-field_1\" class=\"wpforms-field-large wpforms-field-required\" name=\"wpforms[fields][1]\" required><div class=\"wpforms-field-description\">Raz\u00e3o Social<\/div><\/div><div id=\"wpforms-249-field_2-container\" class=\"wpforms-field wpforms-field-text wpforms-one-half\" data-field-id=\"2\"><label class=\"wpforms-field-label\" for=\"wpforms-249-field_2\">CNPJ <span class=\"wpforms-required-label\">*<\/span><\/label><input type=\"text\" id=\"wpforms-249-field_2\" class=\"wpforms-field-medium wpforms-field-required\" name=\"wpforms[fields][2]\" required><\/div><div id=\"wpforms-249-field_14-container\" class=\"wpforms-field wpforms-field-text wpforms-one-third wpforms-first\" data-field-id=\"14\"><label class=\"wpforms-field-label\" for=\"wpforms-249-field_14\">Nome da pessoa para contato <span class=\"wpforms-required-label\">*<\/span><\/label><input type=\"text\" id=\"wpforms-249-field_14\" class=\"wpforms-field-large wpforms-field-required\" name=\"wpforms[fields][14]\" required><\/div><div id=\"wpforms-249-field_15-container\" class=\"wpforms-field wpforms-field-number wpforms-one-third\" data-field-id=\"15\"><label class=\"wpforms-field-label\" for=\"wpforms-249-field_15\">Telefone de contato <span class=\"wpforms-required-label\">*<\/span><\/label><input type=\"number\" id=\"wpforms-249-field_15\" class=\"wpforms-field-large wpforms-field-required\" name=\"wpforms[fields][15]\" step=\"any\" required><\/div><div id=\"wpforms-249-field_4-container\" class=\"wpforms-field wpforms-field-email wpforms-one-third\" data-field-id=\"4\"><label class=\"wpforms-field-label\" for=\"wpforms-249-field_4\">E-mail <span class=\"wpforms-required-label\">*<\/span><\/label><input type=\"email\" id=\"wpforms-249-field_4\" class=\"wpforms-field-large wpforms-field-required\" name=\"wpforms[fields][4]\" spellcheck=\"false\" required><\/div><div id=\"wpforms-249-field_6-container\" class=\"wpforms-field wpforms-field-text wpforms-one-half wpforms-first\" data-field-id=\"6\"><label class=\"wpforms-field-label\" for=\"wpforms-249-field_6\">Origem da Carga <span class=\"wpforms-required-label\">*<\/span><\/label><input type=\"text\" id=\"wpforms-249-field_6\" class=\"wpforms-field-large wpforms-field-required\" name=\"wpforms[fields][6]\" required><div class=\"wpforms-field-description\">Informe o endere\u00e7o completo<\/div><\/div><div id=\"wpforms-249-field_7-container\" class=\"wpforms-field wpforms-field-text wpforms-one-half\" data-field-id=\"7\"><label class=\"wpforms-field-label\" for=\"wpforms-249-field_7\">Destino da Carga <span class=\"wpforms-required-label\">*<\/span><\/label><input type=\"text\" id=\"wpforms-249-field_7\" class=\"wpforms-field-large wpforms-field-required\" name=\"wpforms[fields][7]\" required><div class=\"wpforms-field-description\">Informe o endere\u00e7o completo<\/div><\/div><div id=\"wpforms-249-field_10-container\" class=\"wpforms-field wpforms-field-number wpforms-one-half wpforms-first wpforms-one-third\" data-field-id=\"10\"><label class=\"wpforms-field-label\" for=\"wpforms-249-field_10\">Peso (kilos) <span class=\"wpforms-required-label\">*<\/span><\/label><input type=\"number\" id=\"wpforms-249-field_10\" class=\"wpforms-field-large wpforms-field-required\" name=\"wpforms[fields][10]\" step=\"any\" required><div class=\"wpforms-field-description\">Informe o peso em kilos<\/div><\/div><div id=\"wpforms-249-field_11-container\" class=\"wpforms-field wpforms-field-number wpforms-one-half wpforms-one-third\" data-field-id=\"11\"><label class=\"wpforms-field-label\" for=\"wpforms-249-field_11\">Volumes (quantidade) <span class=\"wpforms-required-label\">*<\/span><\/label><input type=\"number\" id=\"wpforms-249-field_11\" class=\"wpforms-field-large wpforms-field-required\" name=\"wpforms[fields][11]\" step=\"any\" required><div class=\"wpforms-field-description\">Informe a quantidade de volumes<\/div><\/div><div id=\"wpforms-249-field_16-container\" class=\"wpforms-field wpforms-field-number wpforms-one-half wpforms-one-third\" data-field-id=\"16\"><label class=\"wpforms-field-label\" for=\"wpforms-249-field_16\">Tamanho (metros c\u00fabicos) <span class=\"wpforms-required-label\">*<\/span><\/label><input type=\"number\" id=\"wpforms-249-field_16\" class=\"wpforms-field-large wpforms-field-required\" name=\"wpforms[fields][16]\" step=\"any\" required><div class=\"wpforms-field-description\">Informe a quantidade de volumes<\/div><\/div><div id=\"wpforms-249-field_13-container\" class=\"wpforms-field wpforms-field-textarea\" data-field-id=\"13\"><label class=\"wpforms-field-label\" for=\"wpforms-249-field_13\">Observa\u00e7\u00e3o <span class=\"wpforms-required-label\">*<\/span><\/label><textarea id=\"wpforms-249-field_13\" class=\"wpforms-field-medium wpforms-field-required\" name=\"wpforms[fields][13]\" required><\/textarea><div class=\"wpforms-field-description\">Informe o tamanho (comprimento, largura e altura) do(s) volumes e a quantidade de cada um.<\/div><\/div><\/div><!-- .wpforms-field-container --><div class=\"wpforms-submit-container\" ><input type=\"hidden\" name=\"wpforms[id]\" value=\"249\"><input type=\"hidden\" name=\"page_title\" value=\"\"><input type=\"hidden\" name=\"page_url\" value=\"http:\/\/ivl.mrdigital.com.br\/wp\/index.php?rest_route=\/wp\/v2\/pages\/250\"><input type=\"hidden\" name=\"url_referer\" value=\"\"><button type=\"submit\" name=\"wpforms[submit]\" id=\"wpforms-submit-249\" class=\"wpforms-submit\" data-alt-text=\"Enviando...\" data-submit-text=\"Enviar\" aria-live=\"assertive\" value=\"wpforms-submit\">Enviar<\/button><img decoding=\"async\" data-src=\"http:\/\/ivl.mrdigital.com.br\/wp\/wp-content\/plugins\/wpforms-lite\/assets\/images\/submit-spin.svg\" class=\"wpforms-submit-spinner lazyload\" style=\"--smush-placeholder-width: 26px; --smush-placeholder-aspect-ratio: 26\/26;display: none;\" width=\"26\" height=\"26\" alt=\"Carregando\" src=\"data:image\/svg+xml;base64,PHN2ZyB3aWR0aD0iMSIgaGVpZ2h0PSIxIiB4bWxucz0iaHR0cDovL3d3dy53My5vcmcvMjAwMC9zdmciPjwvc3ZnPg==\"><\/div><\/form><\/div>  <!-- .wpforms-container -->\n","protected":false},"excerpt":{"rendered":"","protected":false},"author":1,"featured_media":0,"parent":0,"menu_order":0,"comment_status":"closed","ping_status":"closed","template":"","meta":{"_et_pb_use_builder":"off","_et_pb_old_content":"","_et_gb_content_width":"","om_disable_all_campaigns":false,"footnotes":""},"class_list":["post-250","page","type-page","status-publish","hentry"],"_links":{"self":[{"href":"http:\/\/ivl.mrdigital.com.br\/wp\/index.php?rest_route=\/wp\/v2\/pages\/250","targetHints":{"allow":["GET"]}}],"collection":[{"href":"http:\/\/ivl.mrdigital.com.br\/wp\/index.php?rest_route=\/wp\/v2\/pages"}],"about":[{"href":"http:\/\/ivl.mrdigital.com.br\/wp\/index.php?rest_route=\/wp\/v2\/types\/page"}],"author":[{"embeddable":true,"href":"http:\/\/ivl.mrdigital.com.br\/wp\/index.php?rest_route=\/wp\/v2\/users\/1"}],"replies":[{"embeddable":true,"href":"http:\/\/ivl.mrdigital.com.br\/wp\/index.php?rest_route=%2Fwp%2Fv2%2Fcomments&post=250"}],"version-history":[{"count":2,"href":"http:\/\/ivl.mrdigital.com.br\/wp\/index.php?rest_route=\/wp\/v2\/pages\/250\/revisions"}],"predecessor-version":[{"id":253,"href":"http:\/\/ivl.mrdigital.com.br\/wp\/index.php?rest_route=\/wp\/v2\/pages\/250\/revisions\/253"}],"wp:attachment":[{"href":"http:\/\/ivl.mrdigital.com.br\/wp\/index.php?rest_route=%2Fwp%2Fv2%2Fmedia&parent=250"}],"curies":[{"name":"wp","href":"https:\/\/api.w.org\/{rel}","templated":true}]}}